{"id":209,"date":"2024-01-09T17:02:28","date_gmt":"2024-01-09T16:02:28","guid":{"rendered":"https:\/\/ulyssea-coaching.fr\/?page_id=209"},"modified":"2024-01-12T15:23:13","modified_gmt":"2024-01-12T14:23:13","slug":"mindset-motivation-training-mental-redonner-du-sens-a-son-travail","status":"publish","type":"page","link":"https:\/\/ulyssea-coaching.fr\/index.php\/mindset-motivation-training-mental-redonner-du-sens-a-son-travail\/","title":{"rendered":"Mindset motivation training mental Redonner du sens \u00e0 son travail"},"content":{"rendered":"<h1><span>Redonner du sens \u00e0 son travail <\/span><\/h1>\n<ul>\n<li>\n        <a href=\"\/index.php\/burn-out\/\">Burn Out<\/a>\n    <\/li>\n<li>\n        <a href=\"\/index.php\/atelier-gestion-du-stress-et-equilibre-de-vie-pro-et-perso\/\">Equilibre Pro Perso<\/a>\n    <\/li>\n<li>\n        <a href=\"\/index.php\/atelier-sur-la-charge-mentale\/\">Charge Mentale<\/a>\n    <\/li>\n<li>\n        <a href=\"\/index.php\/apprendre-a-gerer-le-stress\/\">Stress<\/a>\n    <\/li>\n<li>\n        <a href=\"\/index.php\/mieux-comprendre-la-confiance-en-soi\/\">Confiance<\/a>\n    <\/li>\n<li>\n        <a href=\"\/index.php\/equilibre-vie-pro-vie-perso-pour-votre-reussite\/\">Equilibre<\/a>\n    <\/li>\n<li>\n        <a href=\"\/index.php\/mindset-motivation-training-mental-redonner-du-sens-a-son-travail\/\">Mindest<\/a>\n    <\/li>\n<li>\n        <a href=\"\/index.php\/bien-etre-au-travail-un-objectif-pour-tous\/\">Bien \u00eatre<\/a>\n    <\/li>\n<li>\n        <a href=\"\/index.php\/le-coaching-des-talents\/\">Coaching Talents<\/a>\n    <\/li>\n<\/ul>\n<h2><span>R\u00e9veillez Votre Passion et Redonnez du Sens \u00e0 Votre Travail<\/span><\/h2>\n<div>\n<p><span>Le travail occupe une grande partie de notre vie, et il est essentiel de trouver un sens et une motivation dans ce que nous faisons au quotidien. Chez ULYSSEA Coaching, nous croyons fermement que le mindset, la motivation et l&rsquo;entra\u00eenement mental sont des \u00e9l\u00e9ments cl\u00e9s pour redonner du sens \u00e0 son travail. Notre atelier de coaching professionnel est con\u00e7u pour vous aider \u00e0 retrouver votre passion, \u00e0 d\u00e9velopper un \u00e9tat d&rsquo;esprit positif, et \u00e0 cr\u00e9er une carri\u00e8re \u00e9panouissante.<\/span><\/p>\n<\/div>\n<h2>Nouvelle Perspective Inspirante<\/h2>\n<div>\n<p><span>En participant \u00e0 notre programme de coaching professionnel, vous obtiendrez une nouvelle perspective sur votre carri\u00e8re. Vous d\u00e9couvrirez comment redonner du sens \u00e0 votre travail, trouver la motivation intrins\u00e8que et d\u00e9velopper un mindset positif.<br \/>Cette nouvelle perspective vous inspirera \u00e0 cr\u00e9er une carri\u00e8re \u00e9panouissante et \u00e0 atteindre vos objectifs professionnels avec confiance.<\/span><\/p>\n<\/div>\n<h2>R\u00e9orientation de l&rsquo;\u00c9tat d&rsquo;Esprit<\/h2>\n<div>Le mindset, ou \u00e9tat d&rsquo;esprit, joue un r\u00f4le crucial dans la fa\u00e7on dont nous abordons notre travail. Si nous nous sentons d\u00e9motiv\u00e9s, pessimistes ou d\u00e9pass\u00e9s, cela peut avoir un impact n\u00e9gatif sur notre performance et notre satisfaction professionnelle. Notre coaching professionnel vise \u00e0 r\u00e9orienter votre mindset de mani\u00e8re \u00e0 vous aider \u00e0 aborder votre travail avec enthousiasme et positivit\u00e9.<\/div>\n<h3><span>Voici un aper\u00e7u des principaux aspects de cet atelier de coaching \u00e0 Brest :<\/span><\/h3>\n<ul>\n<li>\n<h3>Red\u00e9couvrir la Passion<\/h3>\n<div>Lorsque le travail devient monotone ou stressant, il est facile de perdre sa passion. Notre atelier de coaching professionnel vous aidera \u00e0 red\u00e9couvrir ce qui vous passionne dans votre travail. Vous apprendrez \u00e0 vous reconnecter avec vos int\u00e9r\u00eats et vos motivations initiales.<\/div>\n<\/li>\n<li>\n<h3>Cultiver la Motivation<\/h3>\n<div>La motivation est la cl\u00e9 du succ\u00e8s professionnel. Notre coaching vous guidera pour cultiver une motivation intrins\u00e8que, celle qui provient de l&rsquo;int\u00e9rieur plut\u00f4t que des incitations ext\u00e9rieures. Vous apprendrez \u00e0 trouver votre \u00ab\u00a0pourquoi\u00a0\u00bb personnel, ce qui vous poussera \u00e0 donner le meilleur de vous-m\u00eame chaque jour.<\/div>\n<\/li>\n<\/ul>\n<h2>Renforcement Mental<\/h2>\n<div>Le renforcement mental est un \u00e9l\u00e9ment crucial pour surmonter les obstacles et maintenir une attitude positive, m\u00eame dans les moments difficiles. Notre atelier de coaching professionnel offre des techniques et des exercices pour renforcer votre mental et d\u00e9velopper votre r\u00e9silience.<\/div>\n<ul>\n<li>\n<h3>Identifier et Atteindre Vos Objectifs<\/h3>\n<div>Avez-vous des objectifs professionnels que vous souhaitez atteindre ? Notre coaching vous guidera pour identifier ces objectifs et \u00e9laborer un plan d&rsquo;action concret pour les r\u00e9aliser. Cela vous permettra de donner un sens clair \u00e0 votre travail et de rester concentr\u00e9 sur ce qui est important pour vous.<\/div>\n<\/li>\n<li>\n<h3>Surmonter les Obstacles<\/h3>\n<div>Chaque carri\u00e8re est parsem\u00e9e d&rsquo;obstacles, mais avec les bonnes comp\u00e9tences mentales, vous pouvez les surmonter. Nous vous apprendrons \u00e0 g\u00e9rer le stress, \u00e0 d\u00e9velopper votre r\u00e9silience et \u00e0 faire face aux d\u00e9fis avec confiance.<\/div>\n<\/li>\n<\/ul>\n<div>\n<p>Chez ULYSSEA Coaching, notre mission est de vous aider \u00e0 redonner du sens \u00e0 votre travail et \u00e0 cr\u00e9er une carri\u00e8re \u00e9panouissante. Gr\u00e2ce \u00e0 notre atelier de coaching professionnel ax\u00e9 sur le mindset, la motivation et l&rsquo;entra\u00eenement mental, vous d\u00e9couvrirez comment transformer votre travail en une source de satisfaction et de r\u00e9ussite. Ne laissez pas le d\u00e9couragement ou la routine prendre le dessus.<br \/>Rejoignez-nous d\u00e8s aujourd&rsquo;hui pour r\u00e9veiller votre passion et redonner du sens \u00e0 votre travail. Votre carri\u00e8re peut \u00eatre une source d&rsquo;\u00e9panouissement, et nous sommes l\u00e0 pour vous guider sur ce chemin inspirant.<\/p>\n<\/div>\n<p><img decoding=\"async\" src=\"\/wp-content\/uploads\/cta-icon.svg\" alt=\"\"><\/p>\n<h2>Besoin d&rsquo;un coaching sur mesure ?<\/h2>\n<p>\n    <a href=\"\/index.php\/me-contacter\/\">Contactez-nous<\/a>\n<\/p>\n<p><!--more--><br \/>\n<!-- {\"type\":\"layout\",\"children\":[{\"type\":\"section\",\"props\":{\"animation\":\"fade\",\"class\":\"uk-text-center\",\"height\":\"percent\",\"image\":\"wp-content\\\/uploads\\\/2024\\\/01\\\/sens.jpg\",\"image_loading\":true,\"image_position\":\"center-center\",\"image_size\":\"cover\",\"image_width\":\"2560\",\"padding\":\"small\",\"style\":\"default\",\"title_breakpoint\":\"xl\",\"title_position\":\"top-left\",\"title_rotation\":\"left\",\"vertical_align\":\"middle\",\"width\":\"default\"},\"children\":[{\"type\":\"row\",\"children\":[{\"type\":\"column\",\"props\":{\"image_position\":\"center-center\",\"padding\":\"none\",\"position_sticky_breakpoint\":\"m\",\"text_color\":\"light\",\"width_medium\":\"1-1\"},\"children\":[{\"type\":\"headline\",\"props\":{\"content\":\"<span>Redonner du sens \\u00e0 son travail <\\\/span>\",\"margin\":\"medium\",\"text_align\":\"left\",\"title_element\":\"h1\",\"title_style\":\"h1\"}}]}]}],\"name\":\"Hero\"},{\"type\":\"section\",\"props\":{\"animation\":\"fade\",\"image_position\":\"center-center\",\"padding\":\"small\",\"style\":\"default\",\"title_breakpoint\":\"xl\",\"title_position\":\"top-left\",\"title_rotation\":\"left\",\"vertical_align\":\"middle\",\"width\":\"large\"},\"children\":[{\"type\":\"row\",\"children\":[{\"type\":\"column\",\"props\":{\"image_position\":\"center-center\",\"position_sticky_breakpoint\":\"m\",\"width_medium\":\"1-1\"},\"children\":[{\"type\":\"subnav\",\"props\":{\"subnav_style\":\"pill\",\"text_align\":\"center\"},\"children\":[{\"type\":\"subnav_item\",\"props\":{\"active\":false,\"content\":\"Burn Out\",\"link\":\"index.php\\\/burn-out\\\/\"}},{\"type\":\"subnav_item\",\"props\":{\"content\":\"Equilibre Pro Perso\",\"link\":\"index.php\\\/atelier-gestion-du-stress-et-equilibre-de-vie-pro-et-perso\\\/\"}},{\"type\":\"subnav_item\",\"props\":{\"content\":\"Charge Mentale\",\"link\":\"index.php\\\/atelier-sur-la-charge-mentale\\\/\"}},{\"type\":\"subnav_item\",\"props\":{\"content\":\"Stress\",\"link\":\"index.php\\\/apprendre-a-gerer-le-stress\\\/\"}},{\"type\":\"subnav_item\",\"props\":{\"content\":\"Confiance\",\"link\":\"index.php\\\/mieux-comprendre-la-confiance-en-soi\\\/\"}},{\"type\":\"subnav_item\",\"props\":{\"active\":false,\"content\":\"Equilibre\",\"link\":\"index.php\\\/equilibre-vie-pro-vie-perso-pour-votre-reussite\\\/\"}},{\"type\":\"subnav_item\",\"props\":{\"active\":true,\"content\":\"Mindest\",\"link\":\"index.php\\\/mindset-motivation-training-mental-redonner-du-sens-a-son-travail\\\/\"}},{\"type\":\"subnav_item\",\"props\":{\"content\":\"Bien \\u00eatre\",\"link\":\"index.php\\\/bien-etre-au-travail-un-objectif-pour-tous\\\/\"}},{\"type\":\"subnav_item\",\"props\":{\"content\":\"Coaching Talents\",\"link\":\"index.php\\\/le-coaching-des-talents\\\/\"}}],\"name\":\"Subnav Services\"},{\"type\":\"headline\",\"props\":{\"content\":\"<span>R\\u00e9veillez Votre Passion et Redonnez du Sens \\u00e0 Votre Travail<\\\/span>\",\"title_decoration\":\"bullet\",\"title_element\":\"h2\"}},{\"type\":\"text\",\"props\":{\"animation\":\"none\",\"column\":\"1-2\",\"column_breakpoint\":\"m\",\"content\":\"\n\n<p><span>Le travail occupe une grande partie de notre vie, et il est essentiel de trouver un sens et une motivation dans ce que nous faisons au quotidien. Chez ULYSSEA Coaching, nous croyons fermement que le mindset, la motivation et l'entra\\u00eenement mental sont des \\u00e9l\\u00e9ments cl\\u00e9s pour redonner du sens \\u00e0 son travail. Notre atelier de coaching professionnel est con\\u00e7u pour vous aider \\u00e0 retrouver votre passion, \\u00e0 d\\u00e9velopper un \\u00e9tat d'esprit positif, et \\u00e0 cr\\u00e9er une carri\\u00e8re \\u00e9panouissante.<\\\/span><\\\/p>\",\"margin\":\"medium\"}}]}]}],\"name\":\"About\"},{\"type\":\"section\",\"props\":{\"animation\":\"slide-left-small\",\"image_position\":\"center-center\",\"padding\":\"small\",\"style\":\"muted\",\"title_breakpoint\":\"xl\",\"title_position\":\"top-left\",\"title_rotation\":\"left\",\"vertical_align\":\"middle\",\"width\":\"large\"},\"children\":[{\"type\":\"row\",\"children\":[{\"type\":\"column\",\"props\":{\"image_position\":\"center-center\",\"padding\":\"none\",\"position_sticky_breakpoint\":\"m\",\"width_medium\":\"1-2\"},\"children\":[{\"type\":\"headline\",\"props\":{\"content\":\"Nouvelle Perspective Inspirante\",\"title_decoration\":\"bullet\",\"title_element\":\"h2\",\"title_style\":\"h2\"}},{\"type\":\"text\",\"props\":{\"column_breakpoint\":\"m\",\"content\":\"\n\n<p><span>En participant \\u00e0 notre programme de coaching professionnel, vous obtiendrez une nouvelle perspective sur votre carri\\u00e8re. Vous d\\u00e9couvrirez comment redonner du sens \\u00e0 votre travail, trouver la motivation intrins\\u00e8que et d\\u00e9velopper un mindset positif.<br \\\/>Cette nouvelle perspective vous inspirera \\u00e0 cr\\u00e9er une carri\\u00e8re \\u00e9panouissante et \\u00e0 atteindre vos objectifs professionnels avec confiance.<\\\/span><\\\/p>\",\"margin\":\"default\"}}]},{\"type\":\"column\",\"props\":{\"image\":\"wp-content\\\/uploads\\\/2024\\\/01\\\/GettyImages-1199214740.jpg\",\"image_position\":\"center-center\",\"image_size\":\"cover\",\"position_sticky_breakpoint\":\"m\",\"width_medium\":\"1-2\"}}],\"props\":{\"layout\":\"1-2,1-2\"}}],\"name\":\"Call to Action\"},{\"type\":\"section\",\"props\":{\"image_position\":\"center-center\",\"padding\":\"small\",\"style\":\"default\",\"title_breakpoint\":\"xl\",\"title_position\":\"top-left\",\"title_rotation\":\"left\",\"vertical_align\":\"middle\",\"width\":\"large\"},\"children\":[{\"type\":\"row\",\"children\":[{\"type\":\"column\",\"props\":{\"image_position\":\"center-center\",\"position_sticky_breakpoint\":\"m\"},\"children\":[{\"type\":\"headline\",\"props\":{\"content\":\"R\\u00e9orientation de l'\\u00c9tat d'Esprit\",\"title_decoration\":\"bullet\",\"title_element\":\"h2\"}},{\"type\":\"text\",\"props\":{\"animation\":\"none\",\"column_breakpoint\":\"m\",\"content\":\"Le mindset, ou \\u00e9tat d'esprit, joue un r\\u00f4le crucial dans la fa\\u00e7on dont nous abordons notre travail. Si nous nous sentons d\\u00e9motiv\\u00e9s, pessimistes ou d\\u00e9pass\\u00e9s, cela peut avoir un impact n\\u00e9gatif sur notre performance et notre satisfaction professionnelle. Notre coaching professionnel vise \\u00e0 r\\u00e9orienter votre mindset de mani\\u00e8re \\u00e0 vous aider \\u00e0 aborder votre travail avec enthousiasme et positivit\\u00e9.\",\"margin\":\"medium\"}},{\"type\":\"headline\",\"props\":{\"content\":\"<span>Voici un aper\\u00e7u des principaux aspects de cet atelier de coaching \\u00e0 Brest :<\\\/span>\",\"title_color\":\"muted\",\"title_decoration\":\"divider\",\"title_element\":\"h3\",\"title_style\":\"h5\"}},{\"type\":\"accordion\",\"props\":{\"collapsible\":false,\"content_column_breakpoint\":\"m\",\"image_align\":\"top\",\"image_grid_breakpoint\":\"m\",\"image_grid_width\":\"1-2\",\"image_svg_color\":\"emphasis\",\"link_style\":\"default\",\"link_text\":\"Read more\",\"multiple\":false,\"show_image\":true,\"show_link\":true},\"children\":[{\"type\":\"accordion_item\",\"props\":{\"content\":\"Lorsque le travail devient monotone ou stressant, il est facile de perdre sa passion. Notre atelier de coaching professionnel vous aidera \\u00e0 red\\u00e9couvrir ce qui vous passionne dans votre travail. Vous apprendrez \\u00e0 vous reconnecter avec vos int\\u00e9r\\u00eats et vos motivations initiales.\",\"title\":\"Red\\u00e9couvrir la Passion\"}},{\"type\":\"accordion_item\",\"props\":{\"content\":\"La motivation est la cl\\u00e9 du succ\\u00e8s professionnel. Notre coaching vous guidera pour cultiver une motivation intrins\\u00e8que, celle qui provient de l'int\\u00e9rieur plut\\u00f4t que des incitations ext\\u00e9rieures. Vous apprendrez \\u00e0 trouver votre \\\"pourquoi\\\" personnel, ce qui vous poussera \\u00e0 donner le meilleur de vous-m\\u00eame chaque jour.\",\"title\":\"Cultiver la Motivation\"}}]},{\"type\":\"headline\",\"props\":{\"content\":\"Renforcement Mental\",\"title_decoration\":\"bullet\",\"title_element\":\"h2\"}},{\"type\":\"text\",\"props\":{\"animation\":\"none\",\"column_breakpoint\":\"m\",\"content\":\"Le renforcement mental est un \\u00e9l\\u00e9ment crucial pour surmonter les obstacles et maintenir une attitude positive, m\\u00eame dans les moments difficiles. Notre atelier de coaching professionnel offre des techniques et des exercices pour renforcer votre mental et d\\u00e9velopper votre r\\u00e9silience.\",\"margin\":\"medium\"}},{\"type\":\"accordion\",\"props\":{\"collapsible\":false,\"content_column_breakpoint\":\"m\",\"image_align\":\"top\",\"image_grid_breakpoint\":\"m\",\"image_grid_width\":\"1-2\",\"image_svg_color\":\"emphasis\",\"link_style\":\"default\",\"link_text\":\"Read more\",\"multiple\":false,\"show_image\":true,\"show_link\":true},\"children\":[{\"type\":\"accordion_item\",\"props\":{\"content\":\"Avez-vous des objectifs professionnels que vous souhaitez atteindre ? Notre coaching vous guidera pour identifier ces objectifs et \\u00e9laborer un plan d'action concret pour les r\\u00e9aliser. Cela vous permettra de donner un sens clair \\u00e0 votre travail et de rester concentr\\u00e9 sur ce qui est important pour vous.\",\"title\":\"Identifier et Atteindre Vos Objectifs\"}},{\"type\":\"accordion_item\",\"props\":{\"content\":\"Chaque carri\\u00e8re est parsem\\u00e9e d'obstacles, mais avec les bonnes comp\\u00e9tences mentales, vous pouvez les surmonter. Nous vous apprendrons \\u00e0 g\\u00e9rer le stress, \\u00e0 d\\u00e9velopper votre r\\u00e9silience et \\u00e0 faire face aux d\\u00e9fis avec confiance.\",\"title\":\"Surmonter les Obstacles\"}}]},{\"type\":\"text\",\"props\":{\"column_breakpoint\":\"m\",\"content\":\"\n\n<p>Chez ULYSSEA Coaching, notre mission est de vous aider \\u00e0 redonner du sens \\u00e0 votre travail et \\u00e0 cr\\u00e9er une carri\\u00e8re \\u00e9panouissante. Gr\\u00e2ce \\u00e0 notre atelier de coaching professionnel ax\\u00e9 sur le mindset, la motivation et l'entra\\u00eenement mental, vous d\\u00e9couvrirez comment transformer votre travail en une source de satisfaction et de r\\u00e9ussite. Ne laissez pas le d\\u00e9couragement ou la routine prendre le dessus.<br \\\/>Rejoignez-nous d\\u00e8s aujourd'hui pour r\\u00e9veiller votre passion et redonner du sens \\u00e0 votre travail. Votre carri\\u00e8re peut \\u00eatre une source d'\\u00e9panouissement, et nous sommes l\\u00e0 pour vous guider sur ce chemin inspirant.<\\\/p>\",\"margin\":\"default\"}}]}]}]},{\"name\":\"Call to Action Besoin d'un Coaching\",\"type\":\"section\",\"props\":{\"image_position\":\"center-center\",\"padding_remove_bottom\":true,\"padding_remove_top\":false,\"style\":\"default\",\"text_color\":\"light\",\"title_breakpoint\":\"xl\",\"title_position\":\"top-left\",\"title_rotation\":\"left\",\"vertical_align\":\"middle\",\"width\":\"large\"},\"children\":[{\"type\":\"row\",\"children\":[{\"type\":\"column\",\"props\":{\"image\":\"wp-content\\\/uploads\\\/2024\\\/01\\\/groupe2.jpg\",\"image_position\":\"center-center\",\"image_size\":\"cover\",\"image_width\":\"1600\",\"media_blend_mode\":\"darken\",\"media_overlay\":\"rgba(47, 37, 37, 0.55)\",\"padding\":\"large\",\"position_sticky_breakpoint\":\"m\",\"text_color\":\"light\",\"vertical_align\":\"middle\",\"width_medium\":\"1-1\"},\"children\":[{\"type\":\"image\",\"props\":{\"image\":\"wp-content\\\/uploads\\\/cta-icon.svg\",\"image_svg_color\":\"emphasis\",\"image_svg_inline\":true,\"margin\":\"default\",\"text_align\":\"center\"}},{\"type\":\"headline\",\"props\":{\"content\":\"Besoin d'un coaching sur mesure ?\",\"margin\":\"default\",\"text_align\":\"center\",\"title_element\":\"h2\",\"title_style\":\"heading-small\"}},{\"type\":\"button\",\"props\":{\"button_size\":\"large\",\"fullwidth\":false,\"grid_column_gap\":\"\",\"grid_row_gap\":\"\",\"margin\":\"large\",\"margin_remove_bottom\":false,\"text_align\":\"center\"},\"children\":[{\"type\":\"button_item\",\"props\":{\"button_style\":\"primary\",\"content\":\"Contactez-nous\",\"icon_align\":\"left\",\"link\":\"index.php\\\/me-contacter\\\/\"}}]}]}]}]}],\"version\":\"4.2.11\"} --><\/p>\n","protected":false},"excerpt":{"rendered":"<p>Redonner du sens \u00e0 son travail Burn Out Equilibre Pro Perso Charge Mentale Stress Confiance Equilibre Mindest Bien \u00eatre Coaching Talents R\u00e9veillez Votre Passion et Redonnez du Sens \u00e0 Votre Travail Le travail occupe une grande partie de notre vie, et il est essentiel de trouver un sens et une motivation dans ce que nous [&hellip;]<\/p>\n","protected":false},"author":1,"featured_media":0,"parent":0,"menu_order":0,"comment_status":"closed","ping_status":"closed","template":"","meta":{"footnotes":""},"class_list":["post-209","page","type-page","status-publish","hentry"],"aioseo_notices":[],"_links":{"self":[{"href":"https:\/\/ulyssea-coaching.fr\/index.php\/wp-json\/wp\/v2\/pages\/209","targetHints":{"allow":["GET"]}}],"collection":[{"href":"https:\/\/ulyssea-coaching.fr\/index.php\/wp-json\/wp\/v2\/pages"}],"about":[{"href":"https:\/\/ulyssea-coaching.fr\/index.php\/wp-json\/wp\/v2\/types\/page"}],"author":[{"embeddable":true,"href":"https:\/\/ulyssea-coaching.fr\/index.php\/wp-json\/wp\/v2\/users\/1"}],"replies":[{"embeddable":true,"href":"https:\/\/ulyssea-coaching.fr\/index.php\/wp-json\/wp\/v2\/comments?post=209"}],"version-history":[{"count":11,"href":"https:\/\/ulyssea-coaching.fr\/index.php\/wp-json\/wp\/v2\/pages\/209\/revisions"}],"predecessor-version":[{"id":336,"href":"https:\/\/ulyssea-coaching.fr\/index.php\/wp-json\/wp\/v2\/pages\/209\/revisions\/336"}],"wp:attachment":[{"href":"https:\/\/ulyssea-coaching.fr\/index.php\/wp-json\/wp\/v2\/media?parent=209"}],"curies":[{"name":"wp","href":"https:\/\/api.w.org\/{rel}","templated":true}]}}