{"id":219,"date":"2024-01-09T17:03:44","date_gmt":"2024-01-09T16:03:44","guid":{"rendered":"https:\/\/ulyssea-coaching.fr\/?page_id=219"},"modified":"2024-01-12T15:23:22","modified_gmt":"2024-01-12T14:23:22","slug":"bien-etre-au-travail-un-objectif-pour-tous","status":"publish","type":"page","link":"https:\/\/ulyssea-coaching.fr\/index.php\/bien-etre-au-travail-un-objectif-pour-tous\/","title":{"rendered":"Bien \u00eatre au travail un objectif pour tous."},"content":{"rendered":"<h1><span>Bien \u00eatre au travail<\/span><\/h1>\n<ul>\n<li>\n        <a href=\"\/index.php\/burn-out\/\">Burn Out<\/a>\n    <\/li>\n<li>\n        <a href=\"\/index.php\/atelier-gestion-du-stress-et-equilibre-de-vie-pro-et-perso\/\">Equilibre Pro Perso<\/a>\n    <\/li>\n<li>\n        <a href=\"\/index.php\/atelier-sur-la-charge-mentale\/\">Charge Mentale<\/a>\n    <\/li>\n<li>\n        <a href=\"\/index.php\/apprendre-a-gerer-le-stress\/\">Stress<\/a>\n    <\/li>\n<li>\n        <a href=\"\/index.php\/mieux-comprendre-la-confiance-en-soi\/\">Confiance<\/a>\n    <\/li>\n<li>\n        <a href=\"\/index.php\/equilibre-vie-pro-vie-perso-pour-votre-reussite\/\">Equilibre<\/a>\n    <\/li>\n<li>\n        <a href=\"\/index.php\/mindset-motivation-training-mental-redonner-du-sens-a-son-travail\/\">Mindest<\/a>\n    <\/li>\n<li>\n        <a href=\"\/index.php\/bien-etre-au-travail-un-objectif-pour-tous\/\">Bien \u00eatre<\/a>\n    <\/li>\n<li>\n        <a href=\"\/index.php\/le-coaching-des-talents\/\">Coaching Talents<\/a>\n    <\/li>\n<\/ul>\n<h2><span>Le Bien-\u00catre au Travail, un Objectif pour Tous !<\/span><\/h2>\n<div>\n<p><span>Le bien-\u00eatre au travail est un \u00e9l\u00e9ment crucial de notre qualit\u00e9 de vie, qu&rsquo;il s&rsquo;agisse de notre \u00e9panouissement personnel ou de notre performance professionnelle. Chez ULYSSEA Coaching, nous croyons fermement que chacun, qu&rsquo;il soit employ\u00e9 ou employeur, peut b\u00e9n\u00e9ficier d&rsquo;un accompagnement sp\u00e9cifique pour am\u00e9liorer son bien-\u00eatre au travail. Notre atelier de coaching professionnel est con\u00e7u pour vous guider sur la voie de l&rsquo;\u00e9quilibre entre la vie professionnelle et personnelle, de la gestion du stress, du renforcement de la confiance en soi, de l&rsquo;am\u00e9lioration de la communication et du d\u00e9veloppement des comp\u00e9tences relationnelles.<\/span><\/p>\n<\/div>\n<h2>Un Environnement Propice au Bien-\u00catre<\/h2>\n<div>L&rsquo;objectif ultime de notre atelier de coaching professionnel est de vous permettre de trouver un \u00e9panouissement dans votre travail. En favorisant un environnement sain, propice \u00e0 la motivation, \u00e0 l&rsquo;\u00e9panouissement personnel et \u00e0 la productivit\u00e9, vous contribuerez \u00e0 cr\u00e9er une atmosph\u00e8re positive pour vous-m\u00eame et pour vos coll\u00e8gues.<\/div>\n<h2>Un Chemin vers l&rsquo;\u00c9panouissement au Travail<\/h2>\n<div>Le travail occupe une grande partie de notre vie, il est donc essentiel de s&rsquo;y \u00e9panouir. Notre atelier de coaching professionnel sur le bien-\u00eatre au travail offre une opportunit\u00e9 \u00e0 tous ceux qui souhaitent cr\u00e9er un environnement professionnel propice \u00e0 leur \u00e9panouissement personnel et \u00e0 leur r\u00e9ussite. Voici comment notre coaching peut vous aider \u00e0 atteindre cet objectif :<\/div>\n<h3><span>Voici un aper\u00e7u des principaux aspects de cet atelier de coaching \u00e0 Brest :<\/span><\/h3>\n<div>\n<p><span>Notre atelier de coaching sur la pr\u00e9vention du burn-out est une occasion pr\u00e9cieuse de prendre en main votre bien-\u00eatre \u00e9motionnel et professionnel. Anim\u00e9 par des coachs certifi\u00e9s, cet atelier vous guide \u00e0 travers un processus d&rsquo;apprentissage interactif et pratique, o\u00f9 vous d\u00e9couvrirez les techniques et les strat\u00e9gies pour g\u00e9rer le stress et maintenir un \u00e9quilibre sain entre votre vie professionnelle et personnelle.<\/span><\/p>\n<\/div>\n<ul>\n<li>\n<h3>Gestion du Stress<\/h3>\n<div>Le stress est l&rsquo;un des principaux obstacles au bien-\u00eatre au travail. Notre coaching vous enseignera des techniques efficaces pour g\u00e9rer le stress au quotidien. Vous apprendrez \u00e0 identifier les sources de stress, \u00e0 d\u00e9velopper des strat\u00e9gies de gestion du stress et \u00e0 maintenir un \u00e9quilibre sain.<\/div>\n<\/li>\n<li>\n<h3>Renforcement de la Confiance en Soi<\/h3>\n<div>La confiance en soi est essentielle pour exceller dans votre travail. Notre atelier de coaching vous aidera \u00e0 renforcer votre confiance en vous, en vous aidant \u00e0 identifier et \u00e0 surmonter les doutes et les obstacles qui peuvent l&rsquo;entraver.<\/div>\n<\/li>\n<li>\n<h3>Am\u00e9lioration de la Communication<\/h3>\n<div>Une communication efficace est la cl\u00e9 des relations professionnelles harmonieuses. Vous apprendrez \u00e0 am\u00e9liorer votre communication, \u00e0 \u00e9couter activement, \u00e0 exprimer vos id\u00e9es de mani\u00e8re claire et \u00e0 r\u00e9soudre les conflits de mani\u00e8re constructive.<\/div>\n<\/li>\n<li>\n<h3>D\u00e9veloppement des Comp\u00e9tences Relationnelles<\/h3>\n<div>Les comp\u00e9tences relationnelles sont pr\u00e9cieuses dans tous les environnements professionnels. Notre coaching vous guidera pour d\u00e9velopper des comp\u00e9tences relationnelles telles que l&#8217;empathie, la collaboration et la gestion des relations interpersonnelles.<\/div>\n<\/li>\n<\/ul>\n<div>\n<p>Chez ULYSSEA Coaching, nous sommes convaincus que le bien-\u00eatre au travail est un objectif atteignable pour tous. Notre atelier de coaching professionnel offre les cl\u00e9s pour g\u00e9rer le stress, renforcer la confiance en soi, am\u00e9liorer la communication et d\u00e9velopper des comp\u00e9tences relationnelles, le tout dans le but de favoriser l&rsquo;\u00e9panouissement au travail.<br \/>Ne laissez plus le stress et les tensions vous envahir.<br \/>Rejoignez notre atelier de coaching professionnel et d\u00e9couvrez comment cr\u00e9er un environnement professionnel propice au bien-\u00eatre et \u00e0 la r\u00e9ussite. Votre bien-\u00eatre au travail est notre priorit\u00e9, et nous sommes l\u00e0 pour vous guider sur le chemin de l&rsquo;\u00e9panouissement professionnel et personnel.<\/p>\n<\/div>\n<p><img decoding=\"async\" src=\"\/wp-content\/uploads\/cta-icon.svg\" alt=\"\"><\/p>\n<h2>Besoin d&rsquo;un coaching sur mesure ?<\/h2>\n<p>\n    <a href=\"\/index.php\/me-contacter\/\">Contactez-nous<\/a>\n<\/p>\n<p><!--more--><br \/>\n<!-- {\"type\":\"layout\",\"children\":[{\"type\":\"section\",\"props\":{\"animation\":\"fade\",\"class\":\"uk-text-center\",\"height\":\"percent\",\"image\":\"wp-content\\\/uploads\\\/2024\\\/01\\\/femmeheureuse.jpg\",\"image_loading\":true,\"image_position\":\"center-center\",\"image_size\":\"cover\",\"image_width\":\"2560\",\"padding\":\"small\",\"style\":\"default\",\"title_breakpoint\":\"xl\",\"title_position\":\"top-left\",\"title_rotation\":\"left\",\"vertical_align\":\"middle\",\"width\":\"default\"},\"children\":[{\"type\":\"row\",\"children\":[{\"type\":\"column\",\"props\":{\"image_position\":\"center-center\",\"padding\":\"none\",\"position_sticky_breakpoint\":\"m\",\"text_color\":\"light\",\"width_medium\":\"1-1\"},\"children\":[{\"type\":\"headline\",\"props\":{\"content\":\"<span>Bien \\u00eatre au travail<\\\/span>\",\"margin\":\"medium\",\"text_align\":\"left\",\"title_element\":\"h1\",\"title_style\":\"h1\"}}]}]}],\"name\":\"Hero\"},{\"type\":\"section\",\"props\":{\"animation\":\"fade\",\"image_position\":\"center-center\",\"padding\":\"small\",\"style\":\"default\",\"title_breakpoint\":\"xl\",\"title_position\":\"top-left\",\"title_rotation\":\"left\",\"vertical_align\":\"middle\",\"width\":\"large\"},\"children\":[{\"type\":\"row\",\"children\":[{\"type\":\"column\",\"props\":{\"image_position\":\"center-center\",\"position_sticky_breakpoint\":\"m\",\"width_medium\":\"1-1\"},\"children\":[{\"type\":\"subnav\",\"props\":{\"subnav_style\":\"pill\",\"text_align\":\"center\"},\"children\":[{\"type\":\"subnav_item\",\"props\":{\"active\":false,\"content\":\"Burn Out\",\"link\":\"index.php\\\/burn-out\\\/\"}},{\"type\":\"subnav_item\",\"props\":{\"content\":\"Equilibre Pro Perso\",\"link\":\"index.php\\\/atelier-gestion-du-stress-et-equilibre-de-vie-pro-et-perso\\\/\"}},{\"type\":\"subnav_item\",\"props\":{\"content\":\"Charge Mentale\",\"link\":\"index.php\\\/atelier-sur-la-charge-mentale\\\/\"}},{\"type\":\"subnav_item\",\"props\":{\"content\":\"Stress\",\"link\":\"index.php\\\/apprendre-a-gerer-le-stress\\\/\"}},{\"type\":\"subnav_item\",\"props\":{\"content\":\"Confiance\",\"link\":\"index.php\\\/mieux-comprendre-la-confiance-en-soi\\\/\"}},{\"type\":\"subnav_item\",\"props\":{\"active\":false,\"content\":\"Equilibre\",\"link\":\"index.php\\\/equilibre-vie-pro-vie-perso-pour-votre-reussite\\\/\"}},{\"type\":\"subnav_item\",\"props\":{\"content\":\"Mindest\",\"link\":\"index.php\\\/mindset-motivation-training-mental-redonner-du-sens-a-son-travail\\\/\"}},{\"type\":\"subnav_item\",\"props\":{\"active\":true,\"content\":\"Bien \\u00eatre\",\"link\":\"index.php\\\/bien-etre-au-travail-un-objectif-pour-tous\\\/\"}},{\"type\":\"subnav_item\",\"props\":{\"content\":\"Coaching Talents\",\"link\":\"index.php\\\/le-coaching-des-talents\\\/\"}}],\"name\":\"Subnav Services\"},{\"type\":\"headline\",\"props\":{\"content\":\"<span>Le Bien-\\u00catre au Travail, un Objectif pour Tous !<\\\/span>\",\"title_decoration\":\"bullet\",\"title_element\":\"h2\"}},{\"type\":\"text\",\"props\":{\"animation\":\"none\",\"column\":\"1-2\",\"column_breakpoint\":\"m\",\"content\":\"\n\n<p><span>Le bien-\\u00eatre au travail est un \\u00e9l\\u00e9ment crucial de notre qualit\\u00e9 de vie, qu'il s'agisse de notre \\u00e9panouissement personnel ou de notre performance professionnelle. Chez ULYSSEA Coaching, nous croyons fermement que chacun, qu'il soit employ\\u00e9 ou employeur, peut b\\u00e9n\\u00e9ficier d'un accompagnement sp\\u00e9cifique pour am\\u00e9liorer son bien-\\u00eatre au travail. Notre atelier de coaching professionnel est con\\u00e7u pour vous guider sur la voie de l'\\u00e9quilibre entre la vie professionnelle et personnelle, de la gestion du stress, du renforcement de la confiance en soi, de l'am\\u00e9lioration de la communication et du d\\u00e9veloppement des comp\\u00e9tences relationnelles.<\\\/span><\\\/p>\",\"margin\":\"medium\"}}]}]}],\"name\":\"About\"},{\"type\":\"section\",\"props\":{\"animation\":\"slide-left-small\",\"image_position\":\"center-center\",\"padding\":\"small\",\"style\":\"muted\",\"title_breakpoint\":\"xl\",\"title_position\":\"top-left\",\"title_rotation\":\"left\",\"vertical_align\":\"middle\",\"width\":\"large\"},\"children\":[{\"type\":\"row\",\"children\":[{\"type\":\"column\",\"props\":{\"image_position\":\"center-center\",\"padding\":\"none\",\"position_sticky_breakpoint\":\"m\",\"width_medium\":\"1-2\"},\"children\":[{\"type\":\"headline\",\"props\":{\"content\":\"Un Environnement Propice au Bien-\\u00catre\",\"title_decoration\":\"bullet\",\"title_element\":\"h2\",\"title_style\":\"h2\"}},{\"type\":\"text\",\"props\":{\"column_breakpoint\":\"m\",\"content\":\"L'objectif ultime de notre atelier de coaching professionnel est de vous permettre de trouver un \\u00e9panouissement dans votre travail. En favorisant un environnement sain, propice \\u00e0 la motivation, \\u00e0 l'\\u00e9panouissement personnel et \\u00e0 la productivit\\u00e9, vous contribuerez \\u00e0 cr\\u00e9er une atmosph\\u00e8re positive pour vous-m\\u00eame et pour vos coll\\u00e8gues.\",\"margin\":\"default\"}}]},{\"type\":\"column\",\"props\":{\"image\":\"wp-content\\\/uploads\\\/2024\\\/01\\\/GettyImages-181881736.jpg\",\"image_position\":\"center-center\",\"image_size\":\"cover\",\"position_sticky_breakpoint\":\"m\",\"width_medium\":\"1-2\"}}],\"props\":{\"layout\":\"1-2,1-2\"}}],\"name\":\"Call to Action\"},{\"type\":\"section\",\"props\":{\"image_position\":\"center-center\",\"padding\":\"small\",\"style\":\"default\",\"title_breakpoint\":\"xl\",\"title_position\":\"top-left\",\"title_rotation\":\"left\",\"vertical_align\":\"middle\",\"width\":\"large\"},\"children\":[{\"type\":\"row\",\"children\":[{\"type\":\"column\",\"props\":{\"image_position\":\"center-center\",\"position_sticky_breakpoint\":\"m\"},\"children\":[{\"type\":\"headline\",\"props\":{\"content\":\"Un Chemin vers l'\\u00c9panouissement au Travail\",\"title_decoration\":\"bullet\",\"title_element\":\"h2\"}},{\"type\":\"text\",\"props\":{\"column_breakpoint\":\"m\",\"content\":\"Le travail occupe une grande partie de notre vie, il est donc essentiel de s'y \\u00e9panouir. Notre atelier de coaching professionnel sur le bien-\\u00eatre au travail offre une opportunit\\u00e9 \\u00e0 tous ceux qui souhaitent cr\\u00e9er un environnement professionnel propice \\u00e0 leur \\u00e9panouissement personnel et \\u00e0 leur r\\u00e9ussite. Voici comment notre coaching peut vous aider \\u00e0 atteindre cet objectif :\",\"margin\":\"default\"}},{\"type\":\"headline\",\"props\":{\"content\":\"<span>Voici un aper\\u00e7u des principaux aspects de cet atelier de coaching \\u00e0 Brest :<\\\/span>\",\"title_color\":\"muted\",\"title_decoration\":\"divider\",\"title_element\":\"h3\",\"title_style\":\"h5\"}},{\"type\":\"text\",\"props\":{\"animation\":\"none\",\"column_breakpoint\":\"m\",\"content\":\"\n\n<p><span>Notre atelier de coaching sur la pr\\u00e9vention du burn-out est une occasion pr\\u00e9cieuse de prendre en main votre bien-\\u00eatre \\u00e9motionnel et professionnel. Anim\\u00e9 par des coachs certifi\\u00e9s, cet atelier vous guide \\u00e0 travers un processus d'apprentissage interactif et pratique, o\\u00f9 vous d\\u00e9couvrirez les techniques et les strat\\u00e9gies pour g\\u00e9rer le stress et maintenir un \\u00e9quilibre sain entre votre vie professionnelle et personnelle.<\\\/span><\\\/p>\",\"margin\":\"medium\"}},{\"type\":\"accordion\",\"props\":{\"collapsible\":false,\"content_column_breakpoint\":\"m\",\"image_align\":\"top\",\"image_grid_breakpoint\":\"m\",\"image_grid_width\":\"1-2\",\"image_svg_color\":\"emphasis\",\"link_style\":\"default\",\"link_text\":\"Read more\",\"multiple\":false,\"show_image\":true,\"show_link\":true},\"children\":[{\"type\":\"accordion_item\",\"props\":{\"content\":\"Le stress est l'un des principaux obstacles au bien-\\u00eatre au travail. Notre coaching vous enseignera des techniques efficaces pour g\\u00e9rer le stress au quotidien. Vous apprendrez \\u00e0 identifier les sources de stress, \\u00e0 d\\u00e9velopper des strat\\u00e9gies de gestion du stress et \\u00e0 maintenir un \\u00e9quilibre sain.\",\"title\":\"Gestion du Stress\"}},{\"type\":\"accordion_item\",\"props\":{\"content\":\"La confiance en soi est essentielle pour exceller dans votre travail. Notre atelier de coaching vous aidera \\u00e0 renforcer votre confiance en vous, en vous aidant \\u00e0 identifier et \\u00e0 surmonter les doutes et les obstacles qui peuvent l'entraver.\",\"title\":\"Renforcement de la Confiance en Soi\"}},{\"type\":\"accordion_item\",\"props\":{\"content\":\"Une communication efficace est la cl\\u00e9 des relations professionnelles harmonieuses. Vous apprendrez \\u00e0 am\\u00e9liorer votre communication, \\u00e0 \\u00e9couter activement, \\u00e0 exprimer vos id\\u00e9es de mani\\u00e8re claire et \\u00e0 r\\u00e9soudre les conflits de mani\\u00e8re constructive.\",\"title\":\"Am\\u00e9lioration de la Communication\"}},{\"type\":\"accordion_item\",\"props\":{\"content\":\"Les comp\\u00e9tences relationnelles sont pr\\u00e9cieuses dans tous les environnements professionnels. Notre coaching vous guidera pour d\\u00e9velopper des comp\\u00e9tences relationnelles telles que l'empathie, la collaboration et la gestion des relations interpersonnelles.\",\"image\":\"\",\"title\":\"D\\u00e9veloppement des Comp\\u00e9tences Relationnelles\"}}]},{\"type\":\"text\",\"props\":{\"column_breakpoint\":\"m\",\"content\":\"\n\n<p>Chez ULYSSEA Coaching, nous sommes convaincus que le bien-\\u00eatre au travail est un objectif atteignable pour tous. Notre atelier de coaching professionnel offre les cl\\u00e9s pour g\\u00e9rer le stress, renforcer la confiance en soi, am\\u00e9liorer la communication et d\\u00e9velopper des comp\\u00e9tences relationnelles, le tout dans le but de favoriser l'\\u00e9panouissement au travail.<br \\\/>Ne laissez plus le stress et les tensions vous envahir.<br \\\/>Rejoignez notre atelier de coaching professionnel et d\\u00e9couvrez comment cr\\u00e9er un environnement professionnel propice au bien-\\u00eatre et \\u00e0 la r\\u00e9ussite. Votre bien-\\u00eatre au travail est notre priorit\\u00e9, et nous sommes l\\u00e0 pour vous guider sur le chemin de l'\\u00e9panouissement professionnel et personnel.<\\\/p>\",\"margin\":\"default\"}}]}]}]},{\"name\":\"Call to Action Besoin d'un Coaching\",\"type\":\"section\",\"props\":{\"image_position\":\"center-center\",\"padding_remove_bottom\":true,\"padding_remove_top\":false,\"style\":\"default\",\"text_color\":\"light\",\"title_breakpoint\":\"xl\",\"title_position\":\"top-left\",\"title_rotation\":\"left\",\"vertical_align\":\"middle\",\"width\":\"large\"},\"children\":[{\"type\":\"row\",\"children\":[{\"type\":\"column\",\"props\":{\"image\":\"wp-content\\\/uploads\\\/2024\\\/01\\\/groupe2.jpg\",\"image_position\":\"center-center\",\"image_size\":\"cover\",\"image_width\":\"1600\",\"media_blend_mode\":\"darken\",\"media_overlay\":\"rgba(47, 37, 37, 0.55)\",\"padding\":\"large\",\"position_sticky_breakpoint\":\"m\",\"text_color\":\"light\",\"vertical_align\":\"middle\",\"width_medium\":\"1-1\"},\"children\":[{\"type\":\"image\",\"props\":{\"image\":\"wp-content\\\/uploads\\\/cta-icon.svg\",\"image_svg_color\":\"emphasis\",\"image_svg_inline\":true,\"margin\":\"default\",\"text_align\":\"center\"}},{\"type\":\"headline\",\"props\":{\"content\":\"Besoin d'un coaching sur mesure ?\",\"margin\":\"default\",\"text_align\":\"center\",\"title_element\":\"h2\",\"title_style\":\"heading-small\"}},{\"type\":\"button\",\"props\":{\"button_size\":\"large\",\"fullwidth\":false,\"grid_column_gap\":\"\",\"grid_row_gap\":\"\",\"margin\":\"large\",\"margin_remove_bottom\":false,\"text_align\":\"center\"},\"children\":[{\"type\":\"button_item\",\"props\":{\"button_style\":\"primary\",\"content\":\"Contactez-nous\",\"icon_align\":\"left\",\"link\":\"index.php\\\/me-contacter\\\/\"}}]}]}]}]}],\"version\":\"4.2.11\"} --><\/p>\n","protected":false},"excerpt":{"rendered":"<p>Bien \u00eatre au travail Burn Out Equilibre Pro Perso Charge Mentale Stress Confiance Equilibre Mindest Bien \u00eatre Coaching Talents Le Bien-\u00catre au Travail, un Objectif pour Tous ! Le bien-\u00eatre au travail est un \u00e9l\u00e9ment crucial de notre qualit\u00e9 de vie, qu&rsquo;il s&rsquo;agisse de notre \u00e9panouissement personnel ou de notre performance professionnelle. Chez ULYSSEA Coaching, [&hellip;]<\/p>\n","protected":false},"author":1,"featured_media":0,"parent":0,"menu_order":0,"comment_status":"closed","ping_status":"closed","template":"","meta":{"footnotes":""},"class_list":["post-219","page","type-page","status-publish","hentry"],"aioseo_notices":[],"_links":{"self":[{"href":"https:\/\/ulyssea-coaching.fr\/index.php\/wp-json\/wp\/v2\/pages\/219","targetHints":{"allow":["GET"]}}],"collection":[{"href":"https:\/\/ulyssea-coaching.fr\/index.php\/wp-json\/wp\/v2\/pages"}],"about":[{"href":"https:\/\/ulyssea-coaching.fr\/index.php\/wp-json\/wp\/v2\/types\/page"}],"author":[{"embeddable":true,"href":"https:\/\/ulyssea-coaching.fr\/index.php\/wp-json\/wp\/v2\/users\/1"}],"replies":[{"embeddable":true,"href":"https:\/\/ulyssea-coaching.fr\/index.php\/wp-json\/wp\/v2\/comments?post=219"}],"version-history":[{"count":9,"href":"https:\/\/ulyssea-coaching.fr\/index.php\/wp-json\/wp\/v2\/pages\/219\/revisions"}],"predecessor-version":[{"id":337,"href":"https:\/\/ulyssea-coaching.fr\/index.php\/wp-json\/wp\/v2\/pages\/219\/revisions\/337"}],"wp:attachment":[{"href":"https:\/\/ulyssea-coaching.fr\/index.php\/wp-json\/wp\/v2\/media?parent=219"}],"curies":[{"name":"wp","href":"https:\/\/api.w.org\/{rel}","templated":true}]}}