{"id":230,"date":"2024-01-09T17:34:26","date_gmt":"2024-01-09T16:34:26","guid":{"rendered":"https:\/\/ulyssea-coaching.fr\/?page_id=230"},"modified":"2024-01-12T15:24:22","modified_gmt":"2024-01-12T14:24:22","slug":"le-coaching-des-talents","status":"publish","type":"page","link":"https:\/\/ulyssea-coaching.fr\/index.php\/le-coaching-des-talents\/","title":{"rendered":"Le coaching des talents"},"content":{"rendered":"<h1><span>Le coaching des talents<\/span><\/h1>\n<ul>\n<li>\n        <a href=\"\/index.php\/burn-out\/\">Burn Out<\/a>\n    <\/li>\n<li>\n        <a href=\"\/index.php\/atelier-gestion-du-stress-et-equilibre-de-vie-pro-et-perso\/\">Equilibre Pro Perso<\/a>\n    <\/li>\n<li>\n        <a href=\"\/index.php\/atelier-sur-la-charge-mentale\/\">Charge Mentale<\/a>\n    <\/li>\n<li>\n        <a href=\"\/index.php\/apprendre-a-gerer-le-stress\/\">Stress<\/a>\n    <\/li>\n<li>\n        <a href=\"\/index.php\/mieux-comprendre-la-confiance-en-soi\/\">Confiance<\/a>\n    <\/li>\n<li>\n        <a href=\"\/index.php\/equilibre-vie-pro-vie-perso-pour-votre-reussite\/\">Equilibre<\/a>\n    <\/li>\n<li>\n        <a href=\"\/index.php\/mindset-motivation-training-mental-redonner-du-sens-a-son-travail\/\">Mindest<\/a>\n    <\/li>\n<li>\n        <a href=\"\/index.php\/bien-etre-au-travail-un-objectif-pour-tous\/\">Bien \u00eatre<\/a>\n    <\/li>\n<li>\n        <a href=\"\/index.php\/le-coaching-des-talents\/\">Coaching Talents<\/a>\n    <\/li>\n<\/ul>\n<h2><span>R\u00e9v\u00e9lez vos talents et maximisez leur potentiel<\/span><\/h2>\n<div>\n<p><span>Dans le monde professionnel en constante \u00e9volution, la d\u00e9couverte et le d\u00e9veloppement des talents sont devenus des \u00e9l\u00e9ments cl\u00e9s pour le succ\u00e8s durable des entreprises. Chez ULYSSEA Coaching, nous offrons un accompagnement sp\u00e9cialement con\u00e7u pour aider les entreprises \u00e0 identifier et \u00e0 accompagner les talents au sein de leurs \u00e9quipes. Notre programme de coaching professionnel sur les talents est un atout pr\u00e9cieux pour les organisations qui souhaitent maximiser le potentiel de leurs collaborateurs.<\/span><\/p>\n<\/div>\n<h2>Un Partenaire de Coaching Exp\u00e9riment\u00e9 et certifi\u00e9<\/h2>\n<div>\n<p><span>Chez ULYSSEA Coaching, nous comprenons l&rsquo;importance de l&rsquo;identification et du d\u00e9veloppement des talents en entreprise. Notre \u00e9quipe d&rsquo;experts en coaching poss\u00e8de l&rsquo;exp\u00e9rience et les comp\u00e9tences n\u00e9cessaires pour accompagner votre entreprise dans cette d\u00e9marche cruciale.<\/span><\/p>\n<\/div>\n<h2>D\u00e9velopper le Talent en Entreprise avec ULYSSEA Coaching<\/h2>\n<div>Le talent au sein d&rsquo;une entreprise est la cl\u00e9 de la r\u00e9ussite. L&rsquo;identification et le d\u00e9veloppement de ces talents contribuent non seulement \u00e0 la croissance de l&rsquo;entreprise, mais aussi \u00e0 la satisfaction et \u00e0 la motivation des employ\u00e9s. Voici comment notre coaching en entreprise peut vous aider.<\/div>\n<h3><span>Voici un aper\u00e7u des principaux aspects de cet atelier de coaching \u00e0 Brest :<\/span><\/h3>\n<ul>\n<li>\n<h3> Identification des Talents<\/h3>\n<div>La premi\u00e8re \u00e9tape de notre coaching consiste \u00e0 travailler en \u00e9troite collaboration avec votre entreprise pour identifier les talents au sein de vos \u00e9quipes. Nous utilisons des m\u00e9thodes d&rsquo;\u00e9valuation et des entretiens pour d\u00e9couvrir les comp\u00e9tences, les aptitudes et les motivations de chaque collaborateur.<\/div>\n<\/li>\n<li>\n<h3>D\u00e9veloppement Personnalis\u00e9<\/h3>\n<div>Une fois les talents identifi\u00e9s, nous \u00e9laborons des plans de d\u00e9veloppement personnalis\u00e9s pour chaque collaborateur. Notre coaching offre un soutien individualis\u00e9 pour aider les employ\u00e9s \u00e0 exploiter pleinement leur potentiel.<\/div>\n<\/li>\n<li>\n<h3>Croissance et R\u00e9tention<\/h3>\n<div>Investir dans le d\u00e9veloppement des talents permet \u00e0 l&rsquo;entreprise de favoriser la croissance et la r\u00e9tention des collaborateurs cl\u00e9s. Les employ\u00e9s se sentent valoris\u00e9s et motiv\u00e9s lorsqu&rsquo;ils sont soutenus dans leur d\u00e9veloppement professionnel.<\/div>\n<\/li>\n<li>\n<h3>Leadership et Gestion d&rsquo;\u00c9quipe<\/h3>\n<div>Nous proposons \u00e9galement des programmes de coaching ax\u00e9s sur le leadership et la gestion d&rsquo;\u00e9quipe. Ces formations permettent aux leaders de d\u00e9velopper leurs comp\u00e9tences en leadership, d&rsquo;inspirer leurs \u00e9quipes et de cr\u00e9er un environnement propice \u00e0 la r\u00e9ussite.<\/div>\n<\/li>\n<\/ul>\n<div>\n<p>L&rsquo;identification et l&rsquo;accompagnement des talents en entreprise sont essentiels pour favoriser la r\u00e9ussite \u00e0 long terme. Avec l&rsquo;aide d&rsquo;ULYSSEA Coaching, votre entreprise peut maximiser le potentiel de ses collaborateurs, favoriser la croissance et la r\u00e9tention, et cr\u00e9er un environnement professionnel propice au succ\u00e8s. Ne laissez pas les talents de vos collaborateurs rester inexploit\u00e9s. <br \/>Rejoignez-nous d\u00e8s aujourd&rsquo;hui pour investir dans le d\u00e9veloppement de vos \u00e9quipes et dans la r\u00e9ussite de votre entreprise. Votre succ\u00e8s professionnel est notre mission, et nous sommes l\u00e0 pour vous aider \u00e0 l&rsquo;atteindre.<\/p>\n<\/div>\n<p><img decoding=\"async\" src=\"\/wp-content\/uploads\/cta-icon.svg\" alt=\"\"><\/p>\n<h2>Besoin d&rsquo;un coaching sur mesure ?<\/h2>\n<p>\n    <a href=\"\/index.php\/me-contacter\/\">Contactez-nous<\/a>\n<\/p>\n<p><!--more--><br \/>\n<!-- {\"type\":\"layout\",\"children\":[{\"type\":\"section\",\"props\":{\"animation\":\"fade\",\"class\":\"uk-text-center\",\"height\":\"percent\",\"image\":\"wp-content\\\/uploads\\\/2024\\\/01\\\/femmecoaching.jpg\",\"image_loading\":true,\"image_position\":\"center-center\",\"image_size\":\"cover\",\"image_width\":\"2560\",\"padding\":\"small\",\"style\":\"default\",\"title_breakpoint\":\"xl\",\"title_position\":\"top-left\",\"title_rotation\":\"left\",\"vertical_align\":\"middle\",\"width\":\"default\"},\"children\":[{\"type\":\"row\",\"children\":[{\"type\":\"column\",\"props\":{\"image_position\":\"center-center\",\"padding\":\"none\",\"position_sticky_breakpoint\":\"m\",\"text_color\":\"light\",\"width_medium\":\"1-1\"},\"children\":[{\"type\":\"headline\",\"props\":{\"content\":\"<span>Le coaching des talents<\\\/span>\",\"margin\":\"medium\",\"text_align\":\"left\",\"title_element\":\"h1\",\"title_style\":\"h1\"}}]}]}],\"name\":\"Hero\"},{\"type\":\"section\",\"props\":{\"animation\":\"fade\",\"image_position\":\"center-center\",\"padding\":\"small\",\"style\":\"default\",\"title_breakpoint\":\"xl\",\"title_position\":\"top-left\",\"title_rotation\":\"left\",\"vertical_align\":\"middle\",\"width\":\"large\"},\"children\":[{\"type\":\"row\",\"children\":[{\"type\":\"column\",\"props\":{\"image_position\":\"center-center\",\"position_sticky_breakpoint\":\"m\",\"width_medium\":\"1-1\"},\"children\":[{\"type\":\"subnav\",\"props\":{\"subnav_style\":\"pill\",\"text_align\":\"center\"},\"children\":[{\"type\":\"subnav_item\",\"props\":{\"active\":false,\"content\":\"Burn Out\",\"link\":\"index.php\\\/burn-out\\\/\"}},{\"type\":\"subnav_item\",\"props\":{\"content\":\"Equilibre Pro Perso\",\"link\":\"index.php\\\/atelier-gestion-du-stress-et-equilibre-de-vie-pro-et-perso\\\/\"}},{\"type\":\"subnav_item\",\"props\":{\"content\":\"Charge Mentale\",\"link\":\"index.php\\\/atelier-sur-la-charge-mentale\\\/\"}},{\"type\":\"subnav_item\",\"props\":{\"content\":\"Stress\",\"link\":\"index.php\\\/apprendre-a-gerer-le-stress\\\/\"}},{\"type\":\"subnav_item\",\"props\":{\"content\":\"Confiance\",\"link\":\"index.php\\\/mieux-comprendre-la-confiance-en-soi\\\/\"}},{\"type\":\"subnav_item\",\"props\":{\"active\":false,\"content\":\"Equilibre\",\"link\":\"index.php\\\/equilibre-vie-pro-vie-perso-pour-votre-reussite\\\/\"}},{\"type\":\"subnav_item\",\"props\":{\"content\":\"Mindest\",\"link\":\"index.php\\\/mindset-motivation-training-mental-redonner-du-sens-a-son-travail\\\/\"}},{\"type\":\"subnav_item\",\"props\":{\"content\":\"Bien \\u00eatre\",\"link\":\"index.php\\\/bien-etre-au-travail-un-objectif-pour-tous\\\/\"}},{\"type\":\"subnav_item\",\"props\":{\"active\":true,\"content\":\"Coaching Talents\",\"link\":\"index.php\\\/le-coaching-des-talents\\\/\"}}],\"name\":\"Subnav Services\"},{\"type\":\"headline\",\"props\":{\"content\":\"<span>R\\u00e9v\\u00e9lez vos talents et maximisez leur potentiel<\\\/span>\",\"title_decoration\":\"bullet\",\"title_element\":\"h2\"}},{\"type\":\"text\",\"props\":{\"animation\":\"none\",\"column\":\"1-2\",\"column_breakpoint\":\"m\",\"content\":\"\n\n<p><span>Dans le monde professionnel en constante \\u00e9volution, la d\\u00e9couverte et le d\\u00e9veloppement des talents sont devenus des \\u00e9l\\u00e9ments cl\\u00e9s pour le succ\\u00e8s durable des entreprises. Chez ULYSSEA Coaching, nous offrons un accompagnement sp\\u00e9cialement con\\u00e7u pour aider les entreprises \\u00e0 identifier et \\u00e0 accompagner les talents au sein de leurs \\u00e9quipes. Notre programme de coaching professionnel sur les talents est un atout pr\\u00e9cieux pour les organisations qui souhaitent maximiser le potentiel de leurs collaborateurs.<\\\/span><\\\/p>\",\"margin\":\"medium\"}}]}]}],\"name\":\"About\"},{\"type\":\"section\",\"props\":{\"animation\":\"slide-left-small\",\"image_position\":\"center-center\",\"padding\":\"small\",\"style\":\"muted\",\"title_breakpoint\":\"xl\",\"title_position\":\"top-left\",\"title_rotation\":\"left\",\"vertical_align\":\"middle\",\"width\":\"large\"},\"children\":[{\"type\":\"row\",\"children\":[{\"type\":\"column\",\"props\":{\"image_position\":\"center-center\",\"padding\":\"none\",\"position_sticky_breakpoint\":\"m\",\"width_medium\":\"1-2\"},\"children\":[{\"type\":\"headline\",\"props\":{\"content\":\"Un Partenaire de Coaching Exp\\u00e9riment\\u00e9 et certifi\\u00e9\",\"title_decoration\":\"bullet\",\"title_element\":\"h2\",\"title_style\":\"h2\"}},{\"type\":\"text\",\"props\":{\"column_breakpoint\":\"m\",\"content\":\"\n\n<p><span>Chez ULYSSEA Coaching, nous comprenons l'importance de l'identification et du d\\u00e9veloppement des talents en entreprise. Notre \\u00e9quipe d'experts en coaching poss\\u00e8de l'exp\\u00e9rience et les comp\\u00e9tences n\\u00e9cessaires pour accompagner votre entreprise dans cette d\\u00e9marche cruciale.<\\\/span><\\\/p>\",\"margin\":\"default\"}}]},{\"type\":\"column\",\"props\":{\"image\":\"wp-content\\\/uploads\\\/2024\\\/01\\\/GettyImages-1135346270.jpg\",\"image_position\":\"center-center\",\"image_size\":\"cover\",\"position_sticky_breakpoint\":\"m\",\"width_medium\":\"1-2\"}}],\"props\":{\"layout\":\"1-2,1-2\"}}],\"name\":\"Call to Action\"},{\"type\":\"section\",\"props\":{\"image_position\":\"center-center\",\"padding\":\"small\",\"style\":\"default\",\"title_breakpoint\":\"xl\",\"title_position\":\"top-left\",\"title_rotation\":\"left\",\"vertical_align\":\"middle\",\"width\":\"large\"},\"children\":[{\"type\":\"row\",\"children\":[{\"type\":\"column\",\"props\":{\"image_position\":\"center-center\",\"position_sticky_breakpoint\":\"m\"},\"children\":[{\"type\":\"headline\",\"props\":{\"content\":\"D\\u00e9velopper le Talent en Entreprise avec ULYSSEA Coaching\",\"title_decoration\":\"bullet\",\"title_element\":\"h2\"}},{\"type\":\"text\",\"props\":{\"animation\":\"none\",\"column_breakpoint\":\"m\",\"content\":\"Le talent au sein d'une entreprise est la cl\\u00e9 de la r\\u00e9ussite. L'identification et le d\\u00e9veloppement de ces talents contribuent non seulement \\u00e0 la croissance de l'entreprise, mais aussi \\u00e0 la satisfaction et \\u00e0 la motivation des employ\\u00e9s. Voici comment notre coaching en entreprise peut vous aider.\",\"margin\":\"medium\"}},{\"type\":\"headline\",\"props\":{\"content\":\"<span>Voici un aper\\u00e7u des principaux aspects de cet atelier de coaching \\u00e0 Brest :<\\\/span>\",\"title_color\":\"muted\",\"title_decoration\":\"divider\",\"title_element\":\"h3\",\"title_style\":\"h5\"}},{\"type\":\"accordion\",\"props\":{\"collapsible\":false,\"content_column_breakpoint\":\"m\",\"image_align\":\"top\",\"image_grid_breakpoint\":\"m\",\"image_grid_width\":\"1-2\",\"image_svg_color\":\"emphasis\",\"link_style\":\"default\",\"link_text\":\"Read more\",\"multiple\":false,\"show_image\":true,\"show_link\":true},\"children\":[{\"type\":\"accordion_item\",\"props\":{\"content\":\"La premi\\u00e8re \\u00e9tape de notre coaching consiste \\u00e0 travailler en \\u00e9troite collaboration avec votre entreprise pour identifier les talents au sein de vos \\u00e9quipes. Nous utilisons des m\\u00e9thodes d'\\u00e9valuation et des entretiens pour d\\u00e9couvrir les comp\\u00e9tences, les aptitudes et les motivations de chaque collaborateur.\",\"title\":\" Identification des Talents\"}},{\"type\":\"accordion_item\",\"props\":{\"content\":\"Une fois les talents identifi\\u00e9s, nous \\u00e9laborons des plans de d\\u00e9veloppement personnalis\\u00e9s pour chaque collaborateur. Notre coaching offre un soutien individualis\\u00e9 pour aider les employ\\u00e9s \\u00e0 exploiter pleinement leur potentiel.\",\"title\":\"D\\u00e9veloppement Personnalis\\u00e9\"}},{\"type\":\"accordion_item\",\"props\":{\"content\":\"Investir dans le d\\u00e9veloppement des talents permet \\u00e0 l'entreprise de favoriser la croissance et la r\\u00e9tention des collaborateurs cl\\u00e9s. Les employ\\u00e9s se sentent valoris\\u00e9s et motiv\\u00e9s lorsqu'ils sont soutenus dans leur d\\u00e9veloppement professionnel.\",\"title\":\"Croissance et R\\u00e9tention\"}},{\"type\":\"accordion_item\",\"props\":{\"content\":\"Nous proposons \\u00e9galement des programmes de coaching ax\\u00e9s sur le leadership et la gestion d'\\u00e9quipe. Ces formations permettent aux leaders de d\\u00e9velopper leurs comp\\u00e9tences en leadership, d'inspirer leurs \\u00e9quipes et de cr\\u00e9er un environnement propice \\u00e0 la r\\u00e9ussite.\",\"image\":\"\",\"title\":\"Leadership et Gestion d'\\u00c9quipe\"}}]},{\"type\":\"text\",\"props\":{\"column_breakpoint\":\"m\",\"content\":\"\n\n<p>L'identification et l'accompagnement des talents en entreprise sont essentiels pour favoriser la r\\u00e9ussite \\u00e0 long terme. Avec l'aide d'ULYSSEA Coaching, votre entreprise peut maximiser le potentiel de ses collaborateurs, favoriser la croissance et la r\\u00e9tention, et cr\\u00e9er un environnement professionnel propice au succ\\u00e8s. Ne laissez pas les talents de vos collaborateurs rester inexploit\\u00e9s. <br \\\/>Rejoignez-nous d\\u00e8s aujourd'hui pour investir dans le d\\u00e9veloppement de vos \\u00e9quipes et dans la r\\u00e9ussite de votre entreprise. Votre succ\\u00e8s professionnel est notre mission, et nous sommes l\\u00e0 pour vous aider \\u00e0 l'atteindre.<\\\/p>\",\"margin\":\"default\"}}]}]}]},{\"name\":\"Call to Action Besoin d'un Coaching\",\"type\":\"section\",\"props\":{\"image_position\":\"center-center\",\"padding_remove_bottom\":true,\"padding_remove_top\":false,\"style\":\"default\",\"text_color\":\"light\",\"title_breakpoint\":\"xl\",\"title_position\":\"top-left\",\"title_rotation\":\"left\",\"vertical_align\":\"middle\",\"width\":\"large\"},\"children\":[{\"type\":\"row\",\"children\":[{\"type\":\"column\",\"props\":{\"image\":\"wp-content\\\/uploads\\\/2024\\\/01\\\/groupe2.jpg\",\"image_position\":\"center-center\",\"image_size\":\"cover\",\"image_width\":\"1600\",\"media_blend_mode\":\"darken\",\"media_overlay\":\"rgba(47, 37, 37, 0.55)\",\"padding\":\"large\",\"position_sticky_breakpoint\":\"m\",\"text_color\":\"light\",\"vertical_align\":\"middle\",\"width_medium\":\"1-1\"},\"children\":[{\"type\":\"image\",\"props\":{\"image\":\"wp-content\\\/uploads\\\/cta-icon.svg\",\"image_svg_color\":\"emphasis\",\"image_svg_inline\":true,\"margin\":\"default\",\"text_align\":\"center\"}},{\"type\":\"headline\",\"props\":{\"content\":\"Besoin d'un coaching sur mesure ?\",\"margin\":\"default\",\"text_align\":\"center\",\"title_element\":\"h2\",\"title_style\":\"heading-small\"}},{\"type\":\"button\",\"props\":{\"button_size\":\"large\",\"fullwidth\":false,\"grid_column_gap\":\"\",\"grid_row_gap\":\"\",\"margin\":\"large\",\"margin_remove_bottom\":false,\"text_align\":\"center\"},\"children\":[{\"type\":\"button_item\",\"props\":{\"button_style\":\"primary\",\"content\":\"Contactez-nous\",\"icon_align\":\"left\",\"link\":\"index.php\\\/me-contacter\\\/\"}}]}]}]}]}],\"version\":\"4.2.11\"} --><\/p>\n","protected":false},"excerpt":{"rendered":"<p>Le coaching des talents Burn Out Equilibre Pro Perso Charge Mentale Stress Confiance Equilibre Mindest Bien \u00eatre Coaching Talents R\u00e9v\u00e9lez vos talents et maximisez leur potentiel Dans le monde professionnel en constante \u00e9volution, la d\u00e9couverte et le d\u00e9veloppement des talents sont devenus des \u00e9l\u00e9ments cl\u00e9s pour le succ\u00e8s durable des entreprises. Chez ULYSSEA Coaching, nous [&hellip;]<\/p>\n","protected":false},"author":1,"featured_media":0,"parent":0,"menu_order":0,"comment_status":"closed","ping_status":"closed","template":"","meta":{"footnotes":""},"class_list":["post-230","page","type-page","status-publish","hentry"],"aioseo_notices":[],"_links":{"self":[{"href":"https:\/\/ulyssea-coaching.fr\/index.php\/wp-json\/wp\/v2\/pages\/230","targetHints":{"allow":["GET"]}}],"collection":[{"href":"https:\/\/ulyssea-coaching.fr\/index.php\/wp-json\/wp\/v2\/pages"}],"about":[{"href":"https:\/\/ulyssea-coaching.fr\/index.php\/wp-json\/wp\/v2\/types\/page"}],"author":[{"embeddable":true,"href":"https:\/\/ulyssea-coaching.fr\/index.php\/wp-json\/wp\/v2\/users\/1"}],"replies":[{"embeddable":true,"href":"https:\/\/ulyssea-coaching.fr\/index.php\/wp-json\/wp\/v2\/comments?post=230"}],"version-history":[{"count":9,"href":"https:\/\/ulyssea-coaching.fr\/index.php\/wp-json\/wp\/v2\/pages\/230\/revisions"}],"predecessor-version":[{"id":340,"href":"https:\/\/ulyssea-coaching.fr\/index.php\/wp-json\/wp\/v2\/pages\/230\/revisions\/340"}],"wp:attachment":[{"href":"https:\/\/ulyssea-coaching.fr\/index.php\/wp-json\/wp\/v2\/media?parent=230"}],"curies":[{"name":"wp","href":"https:\/\/api.w.org\/{rel}","templated":true}]}}