{"id":56,"date":"2024-01-08T16:27:19","date_gmt":"2024-01-08T15:27:19","guid":{"rendered":"https:\/\/ulyssea-coaching.fr\/?page_id=56"},"modified":"2024-01-12T15:18:44","modified_gmt":"2024-01-12T14:18:44","slug":"nos-services","status":"publish","type":"page","link":"https:\/\/ulyssea-coaching.fr\/index.php\/nos-services\/","title":{"rendered":"Nos services"},"content":{"rendered":"<h1>Coaching Personnel et Professionnel \u00e0 Brest<\/h1>\n<h2>\n<p>Coaching personnalis\u00e9s<\/p>\n<\/h2>\n<p>\n    <a href=\"\/index.php\/me-contacter\/\">Demande d&rsquo;informations compl\u00e9mentaires<\/a>\n<\/p>\n<h2><span>ULYSSEA Coaching , nos prestations et services<\/span><\/h2>\n<div>\n<p><span>ULYSSEA Coaching propose une gamme compl\u00e8te de services de coaching pour r\u00e9pondre \u00e0 divers besoins professionnels et personnels.\u00a0<\/span><\/p>\n<\/div>\n<ul>\n<li>\n<p>        <img decoding=\"async\" src=\"\/wp-content\/uploads\/2024\/01\/burn.jpg\" alt=\"\"><\/p>\n<h3>Burn Out<\/h3>\n<p> Atelier sur la pr\u00e9vention du burn out (2h ou 6H)<\/p>\n<p><a href=\"\/index.php\/burn-out\/\">D\u00e9couvrir<\/a><\/p>\n<\/li>\n<li>\n<p>        <img decoding=\"async\" src=\"\/wp-content\/uploads\/2024\/01\/stress1.jpg\" alt=\"\"><\/p>\n<h3>Equilibre Pro Perso<\/h3>\n<p>Atelier gestion du stress et \u00e9quilibre de vie pro et perso <\/p>\n<p><a href=\"\/index.php\/atelier-gestion-du-stress-et-equilibre-de-vie-pro-et-perso\/\">D\u00e9couvrir<\/a><\/p>\n<\/li>\n<li>\n<p>        <img decoding=\"async\" src=\"\/wp-content\/uploads\/2024\/01\/cahrge.jpg\" alt=\"\"><\/p>\n<h3>Charge  mentale <\/h3>\n<p>Atelier sur la charge  mentale <\/p>\n<p><a href=\"\/index.php\/atelier-sur-la-charge-mentale\/\">D\u00e9couvrir<\/a><\/p>\n<\/li>\n<li>\n<p>        <img decoding=\"async\" src=\"\/wp-content\/uploads\/2024\/01\/stress2.jpg\" alt=\"\"><\/p>\n<h3>Stress<\/h3>\n<p>Apprendre \u00e0 g\u00e9rer le stress <\/p>\n<p><a href=\"\/index.php\/apprendre-a-gerer-le-stress\/\">D\u00e9couvrir<\/a><\/p>\n<\/li>\n<li>\n<p>        <img decoding=\"async\" src=\"\/wp-content\/uploads\/2024\/01\/conf.jpg\" alt=\"\"><\/p>\n<h3>Confiance<\/h3>\n<p>Mieux comprendre la confiance en soi <\/p>\n<p><a href=\"\/index.php\/mieux-comprendre-la-confiance-en-soi\/\">D\u00e9couvrir<\/a><\/p>\n<\/li>\n<li>\n<p>        <img decoding=\"async\" src=\"\/wp-content\/uploads\/2024\/01\/equi.jpg\" alt=\"\"><\/p>\n<h3>Equilibre <\/h3>\n<p>Equilibre vie pro vie perso pour votre r\u00e9ussite<\/p>\n<p><a href=\"\/index.php\/equilibre-vie-pro-vie-perso-pour-votre-reussite\/\">D\u00e9couvrir<\/a><\/p>\n<\/li>\n<li>\n<p>        <img decoding=\"async\" src=\"\/wp-content\/uploads\/2024\/01\/mind.jpg\" alt=\"\"><\/p>\n<h3> Mindset, motivation, training mental<\/h3>\n<p>Redonner du sens \u00e0 son travail <\/p>\n<p><a href=\"\/index.php\/mindset-motivation-training-mental-redonner-du-sens-a-son-travail\/\">D\u00e9couvrir<\/a><\/p>\n<\/li>\n<li>\n<p>        <img decoding=\"async\" src=\"\/wp-content\/uploads\/2024\/01\/bien.jpg\" alt=\"\"><\/p>\n<h3>Bien \u00eatre au travail<\/h3>\n<p>Un objectif pour tous !<\/p>\n<p><a href=\"\/index.php\/bien-etre-au-travail-un-objectif-pour-tous\/\">D\u00e9couvrir<\/a><\/p>\n<\/li>\n<li>\n<p>        <img decoding=\"async\" src=\"\/wp-content\/uploads\/2024\/01\/talents.jpg\" alt=\"\"><\/p>\n<h3>Coaching des talents<\/h3>\n<p>D\u00e9couvrir et d\u00e9velopper ses comp\u00e9tences<\/p>\n<p><a href=\"\/index.php\/le-coaching-des-talents\/\">D\u00e9couvrir<\/a><\/p>\n<\/li>\n<\/ul>\n<h2>Un accompagnement personnalis\u00e9<\/h2>\n<div>\n<p><span>L&rsquo;accompagnement personnalis\u00e9 est une approche puissante et sur mesure pour le d\u00e9veloppement personnel et professionnel, que ce soit en coaching individuel ou en entreprise. Cette m\u00e9thode vise \u00e0 fournir un soutien adapt\u00e9 aux besoins sp\u00e9cifiques de chaque individu ou de chaque \u00e9quipe, afin d&rsquo;atteindre des objectifs clairs et de maximiser le potentiel. Voici pourquoi l&rsquo;accompagnement personnalis\u00e9 est si efficace :<\/span><\/p>\n<\/div>\n<ul>\n<li>\n<div>\n<p>R\u00e9ponse aux besoins uniques<\/p>\n<\/div>\n<\/li>\n<li>\n<div>\n<p>Cr\u00e9ation de liens solides<\/p>\n<\/div>\n<\/li>\n<li>\n<div>\n<p>Focus sur les objectifs<\/p>\n<\/div>\n<\/li>\n<li>\n<div>Flexibilit\u00e9 et adaptabilit\u00e9 <\/div>\n<\/li>\n<li>\n<div>R\u00e9sultats durables<\/div>\n<\/li>\n<li>\n<div>D\u00e9veloppement continu<\/div>\n<\/li>\n<li>\n<div>Satisfaction et bien-\u00eatre<\/div>\n<\/li>\n<\/ul>\n<div>Que ce soit pour atteindre des objectifs personnels, d\u00e9velopper des comp\u00e9tences professionnelles, am\u00e9liorer les performances d&rsquo;une \u00e9quipe ou surmonter des obstacles, l&rsquo;accompagnement personnalis\u00e9 offre une approche puissante et sur mesure. Il s&rsquo;agit d&rsquo;un investissement pr\u00e9cieux dans le d\u00e9veloppement et la r\u00e9ussite, tant sur le plan personnel que professionnel.<\/div>\n<p><img decoding=\"async\" src=\"\/wp-content\/uploads\/cta-icon.svg\" alt=\"\"><\/p>\n<h2>Besoin d&rsquo;un coaching sur mesure ?<\/h2>\n<p>\n    <a href=\"\/index.php\/me-contacter\/\">Contactez-nous<\/a>\n<\/p>\n<p><!--more--><br \/>\n<!-- {\"type\":\"layout\",\"children\":[{\"type\":\"section\",\"props\":{\"image\":\"wp-content\\\/uploads\\\/2024\\\/01\\\/intro1.jpg\",\"image_position\":\"center-center\",\"padding\":\"large\",\"style\":\"primary\",\"title_breakpoint\":\"xl\",\"title_position\":\"top-left\",\"title_rotation\":\"left\",\"vertical_align\":\"middle\",\"width\":\"large\"},\"children\":[{\"type\":\"row\",\"children\":[{\"type\":\"column\",\"props\":{\"image_position\":\"center-center\",\"position_sticky_breakpoint\":\"m\",\"width_medium\":\"1-1\"},\"children\":[{\"type\":\"headline\",\"props\":{\"content\":\"Coaching Personnel et Professionnel \\u00e0 Brest\",\"margin\":\"remove-vertical\",\"title_color\":\"primary\",\"title_element\":\"h1\",\"title_font_family\":\"default\",\"title_style\":\"h1\"}},{\"type\":\"headline\",\"props\":{\"content\":\"\n\n<p>Coaching personnalis\\u00e9s<\\\/p>\",\"margin\":\"remove-vertical\",\"title_color\":\"primary\",\"title_element\":\"h2\",\"title_font_family\":\"default\",\"title_style\":\"h2\"}},{\"type\":\"button\",\"props\":{\"grid_column_gap\":\"small\",\"grid_row_gap\":\"small\",\"margin\":\"medium\"},\"children\":[{\"type\":\"button_item\",\"props\":{\"button_style\":\"primary\",\"content\":\"Demande d'informations compl\\u00e9mentaires\",\"icon_align\":\"left\",\"link\":\"index.php\\\/me-contacter\\\/\"}}]}]}],\"props\":{\"row_gap\":\"small\",\"width\":\"small\"}}],\"name\":\"Hero\"},{\"type\":\"section\",\"props\":{\"image_position\":\"center-center\",\"padding\":\"xsmall\",\"style\":\"muted\",\"title_breakpoint\":\"xl\",\"title_position\":\"top-left\",\"title_rotation\":\"left\",\"vertical_align\":\"middle\",\"width\":\"large\"},\"children\":[{\"type\":\"row\",\"children\":[{\"type\":\"column\",\"props\":{\"image_position\":\"center-center\",\"position_sticky_breakpoint\":\"m\",\"width_medium\":\"1-1\"},\"children\":[{\"type\":\"headline\",\"props\":{\"content\":\"<span>ULYSSEA Coaching , nos prestations et services<\\\/span>\",\"margin\":\"small\",\"maxwidth_breakpoint\":\"m\",\"title_decoration\":\"bullet\",\"title_element\":\"h2\"}},{\"type\":\"text\",\"props\":{\"column_breakpoint\":\"m\",\"content\":\"\n\n<p><span>ULYSSEA Coaching propose une gamme compl\\u00e8te de services de coaching pour r\\u00e9pondre \\u00e0 divers besoins professionnels et personnels.\\u00a0<\\\/span><\\\/p>\",\"margin\":\"default\"}},{\"type\":\"gallery\",\"props\":{\"animation\":\"none\",\"filter_align\":\"left\",\"filter_all\":true,\"filter_grid_breakpoint\":\"m\",\"filter_grid_width\":\"auto\",\"filter_position\":\"top\",\"filter_style\":\"tab\",\"grid_column_gap\":\"medium\",\"grid_default\":\"1\",\"grid_large\":\"3\",\"grid_masonry\":\"pack\",\"grid_medium\":\"2\",\"grid_row_gap\":\"medium\",\"grid_small\":\"2\",\"grid_xlarge\":\"3\",\"image_loading\":true,\"image_transition\":\"scale-up\",\"image_width\":\"850\",\"item_animation\":true,\"lightbox\":false,\"lightbox_image_orientation\":false,\"lightbox_image_width\":\"120\",\"link_fullwidth\":false,\"link_style\":\"primary\",\"link_text\":\"D\\u00e9couvrir\",\"margin\":\"\",\"meta_align\":\"below-title\",\"meta_element\":\"div\",\"meta_style\":\"\",\"overlay_hover\":false,\"overlay_link\":true,\"overlay_margin\":\"large\",\"overlay_mode\":\"cover\",\"overlay_padding\":\"small\",\"overlay_position\":\"center\",\"overlay_style\":\"overlay-default\",\"overlay_transition\":\"fade\",\"parallax_easing\":\"1\",\"show_content\":true,\"show_hover_image\":true,\"show_link\":true,\"show_meta\":true,\"show_title\":true,\"text_align\":\"center\",\"text_color\":\"dark\",\"title_element\":\"h3\",\"title_hover_style\":\"reset\",\"title_style\":\"h2\"},\"children\":[{\"type\":\"gallery_item\",\"props\":{\"content\":\"\",\"image\":\"wp-content\\\/uploads\\\/2024\\\/01\\\/burn.jpg\",\"link\":\"index.php\\\/burn-out\\\/\",\"meta\":\" Atelier sur la pr\\u00e9vention du burn out (2h ou 6H)\",\"title\":\"Burn Out\"}},{\"type\":\"gallery_item\",\"props\":{\"content\":\"\",\"image\":\"wp-content\\\/uploads\\\/2024\\\/01\\\/stress1.jpg\",\"link\":\"index.php\\\/atelier-gestion-du-stress-et-equilibre-de-vie-pro-et-perso\\\/\",\"meta\":\"Atelier gestion du stress et \\u00e9quilibre de vie pro et perso \",\"title\":\"Equilibre Pro Perso\"}},{\"type\":\"gallery_item\",\"props\":{\"image\":\"wp-content\\\/uploads\\\/2024\\\/01\\\/cahrge.jpg\",\"link\":\"index.php\\\/atelier-sur-la-charge-mentale\\\/\",\"meta\":\"Atelier sur la charge  mentale \",\"title\":\"Charge  mentale \"}},{\"type\":\"gallery_item\",\"props\":{\"image\":\"wp-content\\\/uploads\\\/2024\\\/01\\\/stress2.jpg\",\"link\":\"index.php\\\/apprendre-a-gerer-le-stress\\\/\",\"meta\":\"Apprendre \\u00e0 g\\u00e9rer le stress \",\"title\":\"Stress\"}},{\"type\":\"gallery_item\",\"props\":{\"image\":\"wp-content\\\/uploads\\\/2024\\\/01\\\/conf.jpg\",\"link\":\"index.php\\\/mieux-comprendre-la-confiance-en-soi\\\/\",\"meta\":\"Mieux comprendre la confiance en soi \",\"title\":\"Confiance\"}},{\"type\":\"gallery_item\",\"props\":{\"content\":\"\",\"image\":\"wp-content\\\/uploads\\\/2024\\\/01\\\/equi.jpg\",\"link\":\"index.php\\\/equilibre-vie-pro-vie-perso-pour-votre-reussite\\\/\",\"meta\":\"Equilibre vie pro vie perso pour votre r\\u00e9ussite\",\"title\":\"Equilibre \"}},{\"type\":\"gallery_item\",\"props\":{\"image\":\"wp-content\\\/uploads\\\/2024\\\/01\\\/mind.jpg\",\"link\":\"index.php\\\/mindset-motivation-training-mental-redonner-du-sens-a-son-travail\\\/\",\"meta\":\"Redonner du sens \\u00e0 son travail \",\"title\":\" Mindset, motivation, training mental\"}},{\"type\":\"gallery_item\",\"props\":{\"image\":\"wp-content\\\/uploads\\\/2024\\\/01\\\/bien.jpg\",\"link\":\"index.php\\\/bien-etre-au-travail-un-objectif-pour-tous\\\/\",\"meta\":\"Un objectif pour tous !\",\"title\":\"Bien \\u00eatre au travail\"}},{\"type\":\"gallery_item\",\"props\":{\"image\":\"wp-content\\\/uploads\\\/2024\\\/01\\\/talents.jpg\",\"link\":\"index.php\\\/le-coaching-des-talents\\\/\",\"meta\":\"D\\u00e9couvrir et d\\u00e9velopper ses comp\\u00e9tences\",\"title\":\"Coaching des talents\"}}],\"name\":\"Liste Services avec Hommes\"}]}]}],\"name\":\"Benefits\"},{\"type\":\"section\",\"props\":{\"image_position\":\"center-center\",\"padding\":\"none\",\"padding_remove_bottom\":true,\"style\":\"muted\",\"title_breakpoint\":\"xl\",\"title_position\":\"top-left\",\"title_rotation\":\"left\",\"vertical_align\":\"middle\",\"width\":\"large\"},\"children\":[{\"type\":\"row\",\"props\":{\"column_gap\":\"collapse\",\"layout\":\"1-2,1-2\",\"row_gap\":\"collapse\"},\"children\":[{\"type\":\"column\",\"props\":{\"css\":\".el-column {min-height: 350px;}\",\"image\":\"wp-content\\\/uploads\\\/2024\\\/01\\\/mme.jpg\",\"image_position\":\"center-center\",\"image_size\":\"cover\",\"image_width\":\"900\",\"padding\":\"xlarge\",\"position_sticky_breakpoint\":\"m\",\"width_medium\":\"1-2\"}},{\"type\":\"column\",\"props\":{\"image_position\":\"center-center\",\"order_first\":\"m\",\"padding\":\"large\",\"position_sticky_breakpoint\":\"m\",\"style\":\"tile-default\",\"width_medium\":\"1-2\"},\"children\":[{\"type\":\"headline\",\"props\":{\"block_align\":\"center\",\"content\":\"Un accompagnement personnalis\\u00e9\",\"maxwidth\":\"large\",\"title_element\":\"h2\",\"title_style\":\"h1\"}},{\"type\":\"text\",\"props\":{\"block_align\":\"center\",\"column_breakpoint\":\"m\",\"content\":\"\n\n<p><span>L'accompagnement personnalis\\u00e9 est une approche puissante et sur mesure pour le d\\u00e9veloppement personnel et professionnel, que ce soit en coaching individuel ou en entreprise. Cette m\\u00e9thode vise \\u00e0 fournir un soutien adapt\\u00e9 aux besoins sp\\u00e9cifiques de chaque individu ou de chaque \\u00e9quipe, afin d'atteindre des objectifs clairs et de maximiser le potentiel. Voici pourquoi l'accompagnement personnalis\\u00e9 est si efficace :<\\\/span><\\\/p>\",\"margin\":\"medium\",\"maxwidth\":\"large\"}},{\"type\":\"list\",\"props\":{\"block_align\":\"center\",\"column_breakpoint\":\"m\",\"content_style\":\"h5\",\"image_align\":\"left\",\"image_svg_color\":\"emphasis\",\"image_vertical_align\":true,\"list_element\":\"ul\",\"list_horizontal_separator\":\", \",\"list_size\":\"large\",\"list_type\":\"vertical\",\"margin\":\"medium\",\"maxwidth\":\"large\",\"show_image\":true,\"show_link\":true},\"children\":[{\"type\":\"list_item\",\"props\":{\"content\":\"\n\n<p>R\\u00e9ponse aux besoins uniques<\\\/p>\",\"icon\":\"check\",\"icon_color\":\"primary\"}},{\"type\":\"list_item\",\"props\":{\"content\":\"\n\n<p>Cr\\u00e9ation de liens solides<\\\/p>\",\"icon\":\"check\",\"icon_color\":\"primary\"}},{\"type\":\"list_item\",\"props\":{\"content\":\"\n\n<p>Focus sur les objectifs<\\\/p>\",\"icon\":\"check\",\"icon_color\":\"primary\"}},{\"type\":\"list_item\",\"props\":{\"content\":\"Flexibilit\\u00e9 et adaptabilit\\u00e9 \",\"icon\":\"check\",\"icon_color\":\"primary\"}},{\"type\":\"list_item\",\"props\":{\"content\":\"R\\u00e9sultats durables\",\"icon\":\"check\",\"icon_color\":\"primary\"}},{\"type\":\"list_item\",\"props\":{\"content\":\"D\\u00e9veloppement continu\",\"icon\":\"check\",\"icon_color\":\"primary\"}},{\"type\":\"list_item\",\"props\":{\"content\":\"Satisfaction et bien-\\u00eatre\",\"icon\":\"check\",\"icon_color\":\"primary\"}}]},{\"type\":\"text\",\"props\":{\"block_align\":\"center\",\"column_breakpoint\":\"m\",\"content\":\"Que ce soit pour atteindre des objectifs personnels, d\\u00e9velopper des comp\\u00e9tences professionnelles, am\\u00e9liorer les performances d'une \\u00e9quipe ou surmonter des obstacles, l'accompagnement personnalis\\u00e9 offre une approche puissante et sur mesure. Il s'agit d'un investissement pr\\u00e9cieux dans le d\\u00e9veloppement et la r\\u00e9ussite, tant sur le plan personnel que professionnel.\",\"margin\":\"medium\",\"maxwidth\":\"large\"}}]}]}],\"name\":\"Events\"},{\"name\":\"Call to Action Besoin d'un Coaching\",\"type\":\"section\",\"props\":{\"image_position\":\"center-center\",\"padding_remove_bottom\":true,\"padding_remove_top\":false,\"style\":\"default\",\"text_color\":\"light\",\"title_breakpoint\":\"xl\",\"title_position\":\"top-left\",\"title_rotation\":\"left\",\"vertical_align\":\"middle\",\"width\":\"xlarge\"},\"children\":[{\"type\":\"row\",\"children\":[{\"type\":\"column\",\"props\":{\"image\":\"wp-content\\\/uploads\\\/2024\\\/01\\\/groupe2.jpg\",\"image_position\":\"center-center\",\"image_size\":\"cover\",\"image_width\":\"1600\",\"media_blend_mode\":\"darken\",\"media_overlay\":\"rgba(47, 37, 37, 0.55)\",\"padding\":\"large\",\"position_sticky_breakpoint\":\"m\",\"text_color\":\"light\",\"vertical_align\":\"middle\",\"width_medium\":\"1-1\"},\"children\":[{\"type\":\"image\",\"props\":{\"image\":\"wp-content\\\/uploads\\\/cta-icon.svg\",\"image_svg_color\":\"emphasis\",\"image_svg_inline\":true,\"margin\":\"default\",\"text_align\":\"center\"}},{\"type\":\"headline\",\"props\":{\"content\":\"Besoin d'un coaching sur mesure ?\",\"margin\":\"default\",\"text_align\":\"center\",\"title_element\":\"h2\",\"title_style\":\"heading-small\"}},{\"type\":\"button\",\"props\":{\"button_size\":\"large\",\"fullwidth\":false,\"grid_column_gap\":\"\",\"grid_row_gap\":\"\",\"margin\":\"large\",\"margin_remove_bottom\":false,\"text_align\":\"center\"},\"children\":[{\"type\":\"button_item\",\"props\":{\"button_style\":\"primary\",\"content\":\"Contactez-nous\",\"icon_align\":\"left\",\"link\":\"index.php\\\/me-contacter\\\/\"}}]}]}]}]}],\"version\":\"4.2.11\"} --><\/p>\n","protected":false},"excerpt":{"rendered":"<p>Coaching Personnel et Professionnel \u00e0 Brest Coaching personnalis\u00e9s Demande d&rsquo;informations compl\u00e9mentaires ULYSSEA Coaching , nos prestations et services ULYSSEA Coaching propose une gamme compl\u00e8te de services de coaching pour r\u00e9pondre \u00e0 divers besoins professionnels et personnels.\u00a0 Burn Out Atelier sur la pr\u00e9vention du burn out (2h ou 6H) D\u00e9couvrir Equilibre Pro Perso Atelier gestion du [&hellip;]<\/p>\n","protected":false},"author":1,"featured_media":0,"parent":0,"menu_order":0,"comment_status":"closed","ping_status":"closed","template":"","meta":{"footnotes":""},"class_list":["post-56","page","type-page","status-publish","hentry"],"aioseo_notices":[],"_links":{"self":[{"href":"https:\/\/ulyssea-coaching.fr\/index.php\/wp-json\/wp\/v2\/pages\/56","targetHints":{"allow":["GET"]}}],"collection":[{"href":"https:\/\/ulyssea-coaching.fr\/index.php\/wp-json\/wp\/v2\/pages"}],"about":[{"href":"https:\/\/ulyssea-coaching.fr\/index.php\/wp-json\/wp\/v2\/types\/page"}],"author":[{"embeddable":true,"href":"https:\/\/ulyssea-coaching.fr\/index.php\/wp-json\/wp\/v2\/users\/1"}],"replies":[{"embeddable":true,"href":"https:\/\/ulyssea-coaching.fr\/index.php\/wp-json\/wp\/v2\/comments?post=56"}],"version-history":[{"count":10,"href":"https:\/\/ulyssea-coaching.fr\/index.php\/wp-json\/wp\/v2\/pages\/56\/revisions"}],"predecessor-version":[{"id":381,"href":"https:\/\/ulyssea-coaching.fr\/index.php\/wp-json\/wp\/v2\/pages\/56\/revisions\/381"}],"wp:attachment":[{"href":"https:\/\/ulyssea-coaching.fr\/index.php\/wp-json\/wp\/v2\/media?parent=56"}],"curies":[{"name":"wp","href":"https:\/\/api.w.org\/{rel}","templated":true}]}}